{"id":77,"date":"2016-12-07T08:55:10","date_gmt":"2016-12-07T10:55:10","guid":{"rendered":"http:\/\/clientes.totaldesk.com.br\/opovo\/?page_id=2"},"modified":"2024-12-11T18:37:05","modified_gmt":"2024-12-11T21:37:05","slug":"home","status":"publish","type":"page","link":"https:\/\/especial.opovo.com.br\/educacaoinclusiva\/","title":{"rendered":"Home"},"content":{"rendered":"<p class=\"\">O respeito aos direitos \u00e9 um dos primeiros passos para a constru\u00e7\u00e3o da cidadania. E para garantir a aprendizagem e a inclus\u00e3o de todos em sala de aula, \u00e9 preciso fortificar a forma\u00e7\u00e3o de professores e criar uma s\u00f3lida rede de apoio escolar.<\/p>\n<p>Al\u00e9m disso, o envolvimento da fam\u00edlia \u00e9 fundamental para que cada conquista da crian\u00e7a ou do adolescente seja valorizada. Em todo esse processo, fam\u00edlia e escola devem caminhar juntas, superando os desafios, celebrando os \u00eaxitos, mas, sobretudo, compartilhando as experi\u00eancias.<\/p>\n","protected":false},"excerpt":{"rendered":"<p>O respeito aos direitos \u00e9 um dos primeiros passos para a constru\u00e7\u00e3o da cidadania. E para garantir a aprendizagem e a inclus\u00e3o de todos em sala de aula, \u00e9 preciso fortificar a forma\u00e7\u00e3o de professores e criar uma s\u00f3lida rede de apoio escolar. Al\u00e9m disso, o envolvimento da fam\u00edlia \u00e9 fundamental para que cada conquista&#8230;  <a href=\"https:\/\/especial.opovo.com.br\/educacaoinclusiva\/\" class=\"more-link\" title=\"Read Home\">Read more &raquo;<\/a><\/p>\n","protected":false},"author":15,"featured_media":94,"parent":0,"menu_order":0,"comment_status":"closed","ping_status":"closed","template":"","meta":{"_acf_changed":false,"footnotes":""},"class_list":["post-77","page","type-page","status-publish","has-post-thumbnail","hentry"],"acf":[],"_links":{"self":[{"href":"https:\/\/especial.opovo.com.br\/educacaoinclusiva\/wp-json\/wp\/v2\/pages\/77","targetHints":{"allow":["GET"]}}],"collection":[{"href":"https:\/\/especial.opovo.com.br\/educacaoinclusiva\/wp-json\/wp\/v2\/pages"}],"about":[{"href":"https:\/\/especial.opovo.com.br\/educacaoinclusiva\/wp-json\/wp\/v2\/types\/page"}],"author":[{"embeddable":true,"href":"https:\/\/especial.opovo.com.br\/educacaoinclusiva\/wp-json\/wp\/v2\/users\/15"}],"replies":[{"embeddable":true,"href":"https:\/\/especial.opovo.com.br\/educacaoinclusiva\/wp-json\/wp\/v2\/comments?post=77"}],"version-history":[{"count":1,"href":"https:\/\/especial.opovo.com.br\/educacaoinclusiva\/wp-json\/wp\/v2\/pages\/77\/revisions"}],"predecessor-version":[{"id":95,"href":"https:\/\/especial.opovo.com.br\/educacaoinclusiva\/wp-json\/wp\/v2\/pages\/77\/revisions\/95"}],"wp:featuredmedia":[{"embeddable":true,"href":"https:\/\/especial.opovo.com.br\/educacaoinclusiva\/wp-json\/wp\/v2\/media\/94"}],"wp:attachment":[{"href":"https:\/\/especial.opovo.com.br\/educacaoinclusiva\/wp-json\/wp\/v2\/media?parent=77"}],"curies":[{"name":"wp","href":"https:\/\/api.w.org\/{rel}","templated":true}]}}