{"id":13,"date":"2017-10-28T18:40:49","date_gmt":"2017-10-28T20:40:49","guid":{"rendered":"http:\/\/especial.opovo.com.br\/anuariodadecoracao\/?page_id=13"},"modified":"2017-11-07T13:49:41","modified_gmt":"2017-11-07T16:49:41","slug":"expediente","status":"publish","type":"page","link":"https:\/\/especial.opovo.com.br\/anuariodedecoracao\/expediente\/","title":{"rendered":"Expediente"},"content":{"rendered":"<div class=\"box-infor\">\n<h1>Anu\u00e1rio de Decora\u00e7\u00e3o do Cear\u00e1<\/h1>\n<\/div>\n<div class=\"box-infor\">\n<h1>Diretora Administrativa<\/h1>\n<h2>Cec\u00edlia Eurides<\/h2>\n<\/div>\n<div class=\"box-infor\">\n<h1>Coordena\u00e7\u00e3o Geral<\/h1>\n<h2>Val\u00e9ria Xavier<\/h2>\n<\/div>\n<div class=\"box-infor\">\n<h1>Gerente de Servi\u00e7os<\/h1>\n<h2>Val\u00e9ria Freitas<\/h2>\n<\/div>\n<div class=\"box-infor\">\n<h1>Gerente de Eventos<\/h1>\n<h2>Gilvana Marques<\/h2>\n<\/div>\n<div class=\"box-infor\">\n<h1>Gerente de Marketing<\/h1>\n<h2>Ricardo Pinheiro<\/h2>\n<\/div>\n<div class=\"box-infor\">\n<h1>Analista de Marketing<\/h1>\n<h2>Patr\u00edcia Alencar<\/h2>\n<\/div>\n<div class=\"box-infor\">\n<h1>Produtora<\/h1>\n<h2>Lyla Pires<\/h2>\n<\/div>\n<div class=\"box-infor\">\n<h1>Gerente de Projetos<\/h1>\n<h2>Maria Fernandes<\/h2>\n<\/div>\n<div class=\"box-infor\">\n<h1>Webdesigners<\/h1>\n<h2>Brenda C\u00e2mara<\/h2>\n<h2>Davi Jucimon<\/h2>\n<\/div>\n<div class=\"box-infor\">\n<h1>FrontEnd<\/h1>\n<h2>Geisa Lima<\/h2>\n<\/div>\n<div class=\"box-infor\">\n<h1>BackEnd<\/h1>\n<h2>Marcellus Frota<\/h2>\n<\/div>\n","protected":false},"excerpt":{"rendered":"<p>Anu\u00e1rio de Decora\u00e7\u00e3o do Cear\u00e1 Diretora Administrativa Cec\u00edlia Eurides Coordena\u00e7\u00e3o Geral Val\u00e9ria Xavier Gerente de Servi\u00e7os Val\u00e9ria Freitas Gerente de Eventos Gilvana Marques Gerente de Marketing Ricardo Pinheiro Analista de Marketing Patr\u00edcia Alencar Produtora Lyla Pires Gerente de Projetos Maria Fernandes Webdesigners Brenda C\u00e2mara Davi Jucimon FrontEnd Geisa Lima BackEnd Marcellus Frota<\/p>\n","protected":false},"author":4,"featured_media":0,"parent":0,"menu_order":0,"comment_status":"closed","ping_status":"closed","template":"page-expediente.php","meta":{"_acf_changed":false,"footnotes":""},"class_list":["post-13","page","type-page","status-publish","hentry"],"acf":[],"_links":{"self":[{"href":"https:\/\/especial.opovo.com.br\/anuariodedecoracao\/wp-json\/wp\/v2\/pages\/13","targetHints":{"allow":["GET"]}}],"collection":[{"href":"https:\/\/especial.opovo.com.br\/anuariodedecoracao\/wp-json\/wp\/v2\/pages"}],"about":[{"href":"https:\/\/especial.opovo.com.br\/anuariodedecoracao\/wp-json\/wp\/v2\/types\/page"}],"author":[{"embeddable":true,"href":"https:\/\/especial.opovo.com.br\/anuariodedecoracao\/wp-json\/wp\/v2\/users\/4"}],"replies":[{"embeddable":true,"href":"https:\/\/especial.opovo.com.br\/anuariodedecoracao\/wp-json\/wp\/v2\/comments?post=13"}],"version-history":[{"count":7,"href":"https:\/\/especial.opovo.com.br\/anuariodedecoracao\/wp-json\/wp\/v2\/pages\/13\/revisions"}],"predecessor-version":[{"id":419,"href":"https:\/\/especial.opovo.com.br\/anuariodedecoracao\/wp-json\/wp\/v2\/pages\/13\/revisions\/419"}],"wp:attachment":[{"href":"https:\/\/especial.opovo.com.br\/anuariodedecoracao\/wp-json\/wp\/v2\/media?parent=13"}],"curies":[{"name":"wp","href":"https:\/\/api.w.org\/{rel}","templated":true}]}}